{"id":225,"date":"2023-07-17T11:25:30","date_gmt":"2023-07-17T09:25:30","guid":{"rendered":"https:\/\/symbiose-business.com\/?page_id=225"},"modified":"2023-07-19T19:10:47","modified_gmt":"2023-07-19T17:10:47","slug":"mentions-legales","status":"publish","type":"page","link":"https:\/\/symbiose-business.com\/?page_id=225","title":{"rendered":"Mentions l\u00e9gales"},"content":{"rendered":"\t\t<div data-elementor-type=\"wp-page\" data-elementor-id=\"225\" class=\"elementor elementor-225\" data-elementor-post-type=\"page\">\n\t\t\t\t\t\t\t\t\t<section class=\"elementor-section elementor-top-section elementor-element elementor-element-1e55ba63 elementor-section-content-middle elementor-section-height-min-height elementor-section-boxed elementor-section-height-default elementor-section-items-middle\" data-id=\"1e55ba63\" data-element_type=\"section\" data-settings=\"{&quot;background_background&quot;:&quot;classic&quot;}\" data-e-bg-lazyload=\"\">\n\t\t\t\t\t\t\t<div class=\"elementor-background-overlay\"><\/div>\n\t\t\t\t\t\t\t<div class=\"elementor-container elementor-column-gap-wider\">\n\t\t\t\t\t<div class=\"elementor-column elementor-col-100 elementor-top-column elementor-element elementor-element-4249a853\" data-id=\"4249a853\" data-element_type=\"column\">\n\t\t\t<div class=\"elementor-widget-wrap elementor-element-populated\">\n\t\t\t\t\t\t\t\t<div class=\"elementor-element elementor-element-428882a8 elementor-widget elementor-widget-heading\" data-id=\"428882a8\" data-element_type=\"widget\" data-widget_type=\"heading.default\">\n\t\t\t\t<div class=\"elementor-widget-container\">\n\t\t\t<style>\/*! elementor - v3.14.0 - 26-06-2023 *\/\n.elementor-heading-title{padding:0;margin:0;line-height:1}.elementor-widget-heading .elementor-heading-title[class*=elementor-size-]>a{color:inherit;font-size:inherit;line-height:inherit}.elementor-widget-heading .elementor-heading-title.elementor-size-small{font-size:15px}.elementor-widget-heading .elementor-heading-title.elementor-size-medium{font-size:19px}.elementor-widget-heading .elementor-heading-title.elementor-size-large{font-size:29px}.elementor-widget-heading .elementor-heading-title.elementor-size-xl{font-size:39px}.elementor-widget-heading .elementor-heading-title.elementor-size-xxl{font-size:59px}<\/style><p class=\"elementor-heading-title elementor-size-default\">Mentions l\u00e9gales<\/p>\t\t<\/div>\n\t\t\t\t<\/div>\n\t\t\t\t<section class=\"elementor-section elementor-inner-section elementor-element elementor-element-4258eb4a elementor-section-boxed elementor-section-height-default elementor-section-height-default\" data-id=\"4258eb4a\" data-element_type=\"section\">\n\t\t\t\t\t\t<div class=\"elementor-container elementor-column-gap-default\">\n\t\t\t\t\t<div class=\"elementor-column elementor-col-50 elementor-inner-column elementor-element elementor-element-70ee837d\" data-id=\"70ee837d\" data-element_type=\"column\">\n\t\t\t<div class=\"elementor-widget-wrap elementor-element-populated\">\n\t\t\t\t\t\t\t\t<div class=\"elementor-element elementor-element-6599d103 elementor-align-right elementor-mobile-align-center elementor-widget elementor-widget-button\" data-id=\"6599d103\" data-element_type=\"widget\" data-widget_type=\"button.default\">\n\t\t\t\t<div class=\"elementor-widget-container\">\n\t\t\t\t\t<div class=\"elementor-button-wrapper\">\n\t\t\t<a class=\"elementor-button elementor-button-link elementor-size-lg elementor-animation-grow\" href=\"https:\/\/symbiose-business.com\/\">\n\t\t\t\t\t\t<span class=\"elementor-button-content-wrapper\">\n\t\t\t\t\t\t<span class=\"elementor-button-icon elementor-align-icon-right\">\n\t\t\t\t<i aria-hidden=\"true\" class=\"fas fa-angle-right\"><\/i>\t\t\t<\/span>\n\t\t\t\t\t\t<span class=\"elementor-button-text\">Home<\/span>\n\t\t<\/span>\n\t\t\t\t\t<\/a>\n\t\t<\/div>\n\t\t\t\t<\/div>\n\t\t\t\t<\/div>\n\t\t\t\t\t<\/div>\n\t\t<\/div>\n\t\t\t\t<div class=\"elementor-column elementor-col-50 elementor-inner-column elementor-element elementor-element-1d6b92c1\" data-id=\"1d6b92c1\" data-element_type=\"column\">\n\t\t\t<div class=\"elementor-widget-wrap elementor-element-populated\">\n\t\t\t\t\t\t\t\t<div class=\"elementor-element elementor-element-383b9b4c elementor-align-left elementor-mobile-align-center elementor-widget elementor-widget-button\" data-id=\"383b9b4c\" data-element_type=\"widget\" data-widget_type=\"button.default\">\n\t\t\t\t<div class=\"elementor-widget-container\">\n\t\t\t\t\t<div class=\"elementor-button-wrapper\">\n\t\t\t<a class=\"elementor-button elementor-size-lg\" role=\"button\">\n\t\t\t\t\t\t<span class=\"elementor-button-content-wrapper\">\n\t\t\t\t\t\t<span class=\"elementor-button-text\">Mentions l\u00e9gales<\/span>\n\t\t<\/span>\n\t\t\t\t\t<\/a>\n\t\t<\/div>\n\t\t\t\t<\/div>\n\t\t\t\t<\/div>\n\t\t\t\t\t<\/div>\n\t\t<\/div>\n\t\t\t\t\t\t\t<\/div>\n\t\t<\/section>\n\t\t\t\t<div class=\"elementor-element elementor-element-144f08b4 elementor-widget elementor-widget-spacer\" data-id=\"144f08b4\" data-element_type=\"widget\" data-widget_type=\"spacer.default\">\n\t\t\t\t<div class=\"elementor-widget-container\">\n\t\t\t<style>\/*! elementor - v3.14.0 - 26-06-2023 *\/\n.elementor-column .elementor-spacer-inner{height:var(--spacer-size)}.e-con{--container-widget-width:100%}.e-con-inner>.elementor-widget-spacer,.e-con>.elementor-widget-spacer{width:var(--container-widget-width,var(--spacer-size));--align-self:var(--container-widget-align-self,initial);--flex-shrink:0}.e-con-inner>.elementor-widget-spacer>.elementor-widget-container,.e-con-inner>.elementor-widget-spacer>.elementor-widget-container>.elementor-spacer,.e-con>.elementor-widget-spacer>.elementor-widget-container,.e-con>.elementor-widget-spacer>.elementor-widget-container>.elementor-spacer{height:100%}.e-con-inner>.elementor-widget-spacer>.elementor-widget-container>.elementor-spacer>.elementor-spacer-inner,.e-con>.elementor-widget-spacer>.elementor-widget-container>.elementor-spacer>.elementor-spacer-inner{height:var(--container-widget-height,var(--spacer-size))}<\/style>\t\t<div class=\"elementor-spacer\">\n\t\t\t<div class=\"elementor-spacer-inner\"><\/div>\n\t\t<\/div>\n\t\t\t\t<\/div>\n\t\t\t\t<\/div>\n\t\t\t\t\t<\/div>\n\t\t<\/div>\n\t\t\t\t\t\t\t<\/div>\n\t\t<\/section>\n\t\t\t\t<section class=\"elementor-section elementor-top-section elementor-element elementor-element-faa5933 elementor-section-boxed elementor-section-height-default elementor-section-height-default\" data-id=\"faa5933\" data-element_type=\"section\">\n\t\t\t\t\t\t<div class=\"elementor-container elementor-column-gap-default\">\n\t\t\t\t\t<div class=\"elementor-column elementor-col-100 elementor-top-column elementor-element elementor-element-a41203e\" data-id=\"a41203e\" data-element_type=\"column\">\n\t\t\t<div class=\"elementor-widget-wrap elementor-element-populated\">\n\t\t\t\t\t\t\t\t<div class=\"elementor-element elementor-element-b81a9e0 elementor-widget elementor-widget-spacer\" data-id=\"b81a9e0\" data-element_type=\"widget\" data-widget_type=\"spacer.default\">\n\t\t\t\t<div class=\"elementor-widget-container\">\n\t\t\t\t\t<div class=\"elementor-spacer\">\n\t\t\t<div class=\"elementor-spacer-inner\"><\/div>\n\t\t<\/div>\n\t\t\t\t<\/div>\n\t\t\t\t<\/div>\n\t\t\t\t\t<\/div>\n\t\t<\/div>\n\t\t\t\t\t\t\t<\/div>\n\t\t<\/section>\n\t\t\t\t<section class=\"elementor-section elementor-top-section elementor-element elementor-element-d2dfe87 elementor-section-boxed elementor-section-height-default elementor-section-height-default\" data-id=\"d2dfe87\" data-element_type=\"section\">\n\t\t\t\t\t\t<div class=\"elementor-container elementor-column-gap-default\">\n\t\t\t\t\t<div class=\"elementor-column elementor-col-100 elementor-top-column elementor-element elementor-element-f7332e2\" data-id=\"f7332e2\" data-element_type=\"column\">\n\t\t\t<div class=\"elementor-widget-wrap elementor-element-populated\">\n\t\t\t\t\t\t\t\t<div class=\"elementor-element elementor-element-243458f elementor-widget elementor-widget-text-editor\" data-id=\"243458f\" data-element_type=\"widget\" data-widget_type=\"text-editor.default\">\n\t\t\t\t<div class=\"elementor-widget-container\">\n\t\t\t<style>\/*! elementor - v3.14.0 - 26-06-2023 *\/\n.elementor-widget-text-editor.elementor-drop-cap-view-stacked .elementor-drop-cap{background-color:#69727d;color:#fff}.elementor-widget-text-editor.elementor-drop-cap-view-framed .elementor-drop-cap{color:#69727d;border:3px solid;background-color:transparent}.elementor-widget-text-editor:not(.elementor-drop-cap-view-default) .elementor-drop-cap{margin-top:8px}.elementor-widget-text-editor:not(.elementor-drop-cap-view-default) .elementor-drop-cap-letter{width:1em;height:1em}.elementor-widget-text-editor .elementor-drop-cap{float:left;text-align:center;line-height:1;font-size:50px}.elementor-widget-text-editor .elementor-drop-cap-letter{display:inline-block}<\/style>\t\t\t\t<h3><strong>QUI SOMMES NOUS\u00a0?<\/strong><\/h3><p>Notre site internet : https:\/\/symbiose-business.com<\/p><h3><strong>CONDITIONS G\u00c9N\u00c9RALES D\u2019UTILISATION<\/strong><\/h3><p>Les conditions g\u00e9n\u00e9rales d\u2019utilisations mentionn\u00e9es ci-dessous s\u2019appliquent \u00e0 tout internaute visitant symbiose-business.com.<br \/>Nous vous remercions d\u2019en prendre connaissance attentivement avant tout acc\u00e8s aux pages contenues dans symbiose-business.com.<\/p><h3><strong>SERVICES ANNONCES<\/strong><\/h3><p>Ce service est mis \u00e0 jour r\u00e9guli\u00e8rement par l\u2019Editeur afin d\u2019am\u00e9liorer le contenu du Site et ainsi faciliter la visite des Internautes.<\/p><h3><strong>PROTECTION DE LA VIE PRIV\u00c9E ET DONN\u00c9ES PERSONNELLES<\/strong><\/h3><p>Les adresses \u00e9lectroniques des internautes qui s\u2019inscrivent pour recevoir les annonces sont utilis\u00e9es qu\u2019\u00e0 cette seule fin et ne font l\u2019objet d\u2019aucune communication \u00e0 des tiers. Les internautes ont la possibilit\u00e9 de se d\u00e9sinscrire. Les internautes disposent d\u2019un droit de demande de suppression de leurs donn\u00e9es.<\/p><h3><strong>LA DISPONIBILIT\u00c9 DES SERVICES<\/strong><\/h3><p>L\u2019Editeur dispose d\u2019une obligation de moyens en termes d\u2019accessibilit\u00e9 de service et met en place les structures n\u00e9cessaires pour rendre le Site accessible 7 jours sur 7 et 24 heures sur 24. N\u00e9anmoins, L\u2019Editeur peut suspendre l\u2019acc\u00e8s sans pr\u00e9avis, notamment pour des raisons de maintenance et de mises \u00e0 niveau. L\u2019Editeur n\u2019est en aucun cas responsable des \u00e9ventuels pr\u00e9judices qui peuvent en d\u00e9couler pour l\u2019Utilisateur ou tout tiers. L\u2019Editeur peut \u00e0 tout moment supprimer tout ou partie de ses Services ou en modifier leur teneur notamment pour des raisons techniques, et cela sans pr\u00e9avis. L\u2019Editeur se r\u00e9serve la facult\u00e9 de refuser, unilat\u00e9ralement et sans notification pr\u00e9alable, \u00e0 tout Utilisateur l\u2019acc\u00e8s \u00e0 tout ou partie du Site. Une telle d\u00e9cision pourrait notamment \u00eatre prise en cas de non-respect des termes du pr\u00e9sent texte par un Utilisateur.<\/p><h3><strong>DROIT D\u2019AUTEUR ET PROPRI\u00c9T\u00c9 INTELLECTUELLE<\/strong><\/h3><p>Les articles de ce site peuvent inclure des contenus int\u00e9gr\u00e9s (par exemple des vid\u00e9os, des images, des articles, etc.). Le contenu int\u00e9gr\u00e9 d\u2019autres sites Web se comporte exactement de la m\u00eame mani\u00e8re que si le visiteur avait visit\u00e9 l\u2019autre site Web.<\/p><h3><strong>DROIT APPLICABLE<\/strong><\/h3><p>Le pr\u00e9sent texte est soumis au droit fran\u00e7ais. L\u2019Editeur se r\u00e9serve le droit d\u2019en amender \u00e0 tout moment les termes, conditions et mentions d\u2019avertissement.<\/p>\t\t\t\t\t\t<\/div>\n\t\t\t\t<\/div>\n\t\t\t\t\t<\/div>\n\t\t<\/div>\n\t\t\t\t\t\t\t<\/div>\n\t\t<\/section>\n\t\t\t\t\t\t\t<\/div>\n\t\t","protected":false},"excerpt":{"rendered":"<p>Mentions l\u00e9gales Home Mentions l\u00e9gales QUI SOMMES NOUS\u00a0? Notre site internet : https:\/\/symbiose-business.com CONDITIONS G\u00c9N\u00c9RALES D\u2019UTILISATION Les conditions g\u00e9n\u00e9rales d\u2019utilisations mentionn\u00e9es ci-dessous s\u2019appliquent \u00e0 tout internaute visitant symbiose-business.com.Nous vous remercions d\u2019en prendre connaissance attentivement avant tout acc\u00e8s aux pages contenues dans symbiose-business.com. SERVICES ANNONCES Ce service est mis \u00e0 jour r\u00e9guli\u00e8rement par l\u2019Editeur afin d\u2019am\u00e9liorer [&hellip;]<\/p>\n","protected":false},"author":2,"featured_media":0,"parent":0,"menu_order":0,"comment_status":"closed","ping_status":"closed","template":"","meta":[],"_links":{"self":[{"href":"https:\/\/symbiose-business.com\/index.php?rest_route=\/wp\/v2\/pages\/225"}],"collection":[{"href":"https:\/\/symbiose-business.com\/index.php?rest_route=\/wp\/v2\/pages"}],"about":[{"href":"https:\/\/symbiose-business.com\/index.php?rest_route=\/wp\/v2\/types\/page"}],"author":[{"embeddable":true,"href":"https:\/\/symbiose-business.com\/index.php?rest_route=\/wp\/v2\/users\/2"}],"replies":[{"embeddable":true,"href":"https:\/\/symbiose-business.com\/index.php?rest_route=%2Fwp%2Fv2%2Fcomments&post=225"}],"version-history":[{"count":10,"href":"https:\/\/symbiose-business.com\/index.php?rest_route=\/wp\/v2\/pages\/225\/revisions"}],"predecessor-version":[{"id":1135,"href":"https:\/\/symbiose-business.com\/index.php?rest_route=\/wp\/v2\/pages\/225\/revisions\/1135"}],"wp:attachment":[{"href":"https:\/\/symbiose-business.com\/index.php?rest_route=%2Fwp%2Fv2%2Fmedia&parent=225"}],"curies":[{"name":"wp","href":"https:\/\/api.w.org\/{rel}","templated":true}]}}